{"id":17752,"date":"2023-12-01T17:52:19","date_gmt":"2023-12-01T23:52:19","guid":{"rendered":"https:\/\/www.llantacity.mx\/?page_id=17752"},"modified":"2023-12-01T17:52:57","modified_gmt":"2023-12-01T23:52:57","slug":"politicas-de-pago-y-envio","status":"publish","type":"page","link":"https:\/\/llantacity.mx\/wordpress\/politicas-de-pago-y-envio\/","title":{"rendered":"Pol\u00edticas de pago y env\u00edo"},"content":{"rendered":"\n<p><strong>Precios y Formas de Pago<\/strong>. Los precios de nuestra p\u00e1gina incluyen IVA y est\u00e1n sujetos a cambios sin previo aviso. Los pagos podr\u00e1n efectuarse por medio de transferencia, tarjeta de cr\u00e9dito, tarjeta de d\u00e9bito y paypal.<\/p>\n\n\n\n<p><strong>Env\u00edo del producto<\/strong>.&nbsp;El producto se enviar\u00e1 solamente cuando se ha pagado completamente el precio del producto, m\u00e1s gastos de env\u00edo.&nbsp;<\/p>\n\n\n\n<p>Se realizan env\u00edos a toda la Rep\u00fablica Mexicana.<\/p>\n\n\n\n<p>Nuestro compromiso es entregar los productos en el servicio de mensajer\u00eda a m\u00e1s tardar 24 horas contadas a partir de que se ha recibido el pago correspondiente. A partir de ese momento el tiempo de entrega de nuestros productos depende del servicio de mensajer\u00eda que lo trasladar\u00e1.&nbsp;<\/p>\n\n\n\n<p>En caso de no poder cumplir con alguna fecha de entrega previamente acordada, se pondr\u00e1 en contacto con el cliente para buscar alg\u00fan acuerdo mutuo.<\/p>\n\n\n\n<p>Llantacity enviar\u00e1 al cliente los productos adquiridos mediante alguna de las empresas que brindan servicio de mensajer\u00eda como Fedex, Estafeta y Castores.<\/p>\n\n\n\n<p><strong>Estado del producto<\/strong>. Realizada la compra, el cliente recibir\u00e1 un&nbsp;<em>e-mail<\/em>&nbsp;confirmando el o los productos que compr\u00f3. En cuanto su producto sea enviado tambi\u00e9n recibir\u00e1 un e-mail inform\u00e1ndole cu\u00e1ndo llegar\u00e1 su pedido&nbsp;El cliente podr\u00e1 conocer el estado de su pedido, entrando a la p\u00e1gina&nbsp;&nbsp;<a href=\"http:\/\/wordpress.local\/\">http:\/\/wordpress.local\/<\/a>, en la secci\u00f3n&nbsp;pedidos realizados.<\/p>\n\n\n\n<p>En proceso. El producto est\u00e1 prepar\u00e1ndose para ser enviado.<\/p>\n\n\n\n<p>Enviado. El producto ya sali\u00f3 del almac\u00e9n y puede obtener los siguientes datos: nombre de la empresa de servicio de mensajer\u00eda con el n\u00famero de gu\u00eda o de rastreo para que pueda seguir su pedido directamente en la p\u00e1gina de nuestro transportista.<\/p>\n\n\n\n<p>Al momento de la entrega del producto en el domicilio se\u00f1alado por el cliente, se recabar\u00e1 el nombre, la firma y datos de identificaci\u00f3n de la persona que lo recibe.<\/p>\n","protected":false},"excerpt":{"rendered":"<p>Precios y Formas de Pago. Los precios de nuestra p\u00e1gina incluyen IVA y est\u00e1n sujetos a cambios sin previo aviso. Los pagos podr\u00e1n efectuarse por medio de transferencia, tarjeta de cr\u00e9dito, tarjeta de d\u00e9bito y paypal. Env\u00edo del producto.&nbsp;El producto se enviar\u00e1 solamente cuando se ha pagado completamente el precio del producto, m\u00e1s gastos de [&hellip;]<\/p>\n","protected":false},"author":2,"featured_media":0,"parent":0,"menu_order":0,"comment_status":"closed","ping_status":"closed","template":"","meta":{"footnotes":""},"class_list":["post-17752","page","type-page","status-publish","hentry"],"jetpack_sharing_enabled":true,"_links":{"self":[{"href":"https:\/\/llantacity.mx\/wordpress\/wp-json\/wp\/v2\/pages\/17752","targetHints":{"allow":["GET"]}}],"collection":[{"href":"https:\/\/llantacity.mx\/wordpress\/wp-json\/wp\/v2\/pages"}],"about":[{"href":"https:\/\/llantacity.mx\/wordpress\/wp-json\/wp\/v2\/types\/page"}],"author":[{"embeddable":true,"href":"https:\/\/llantacity.mx\/wordpress\/wp-json\/wp\/v2\/users\/2"}],"replies":[{"embeddable":true,"href":"https:\/\/llantacity.mx\/wordpress\/wp-json\/wp\/v2\/comments?post=17752"}],"version-history":[{"count":0,"href":"https:\/\/llantacity.mx\/wordpress\/wp-json\/wp\/v2\/pages\/17752\/revisions"}],"wp:attachment":[{"href":"https:\/\/llantacity.mx\/wordpress\/wp-json\/wp\/v2\/media?parent=17752"}],"curies":[{"name":"wp","href":"https:\/\/api.w.org\/{rel}","templated":true}]}}